{"id":4159,"date":"2012-07-23T14:34:42","date_gmt":"2012-07-23T12:34:42","guid":{"rendered":"https:\/\/www.institut-biotherapies.fr\/?page_id=4159"},"modified":"2018-07-02T16:00:34","modified_gmt":"2018-07-02T14:00:34","slug":"sous-rubrique","status":"publish","type":"page","link":"https:\/\/www.institut-biotherapies.fr\/en\/knowledge\/sous-rubrique\/","title":{"rendered":"De la recherche \u00e0 la clinique"},"content":{"rendered":"<p>L\u2019Institut des bioth\u00e9rapies a pour mission d\u2019acc\u00e9l\u00e9rer le d\u00e9veloppement des bioth\u00e9rapies innovantes pour les maladies rares.<\/p>\n","protected":false},"excerpt":{"rendered":"<p>L\u2019Institut des bioth\u00e9rapies a pour mission d\u2019acc\u00e9l\u00e9rer le d\u00e9veloppement des bioth\u00e9rapies innovantes pour les maladies rares.<\/p>\n","protected":false},"author":3,"featured_media":0,"parent":3004,"menu_order":10,"comment_status":"closed","ping_status":"closed","template":"page-twocolumns.php","meta":{"footnotes":""},"class_list":["post-4159","page","type-page","status-publish","hentry"],"_links":{"self":[{"href":"https:\/\/www.institut-biotherapies.fr\/en\/wp-json\/wp\/v2\/pages\/4159","targetHints":{"allow":["GET"]}}],"collection":[{"href":"https:\/\/www.institut-biotherapies.fr\/en\/wp-json\/wp\/v2\/pages"}],"about":[{"href":"https:\/\/www.institut-biotherapies.fr\/en\/wp-json\/wp\/v2\/types\/page"}],"author":[{"embeddable":true,"href":"https:\/\/www.institut-biotherapies.fr\/en\/wp-json\/wp\/v2\/users\/3"}],"replies":[{"embeddable":true,"href":"https:\/\/www.institut-biotherapies.fr\/en\/wp-json\/wp\/v2\/comments?post=4159"}],"version-history":[{"count":4,"href":"https:\/\/www.institut-biotherapies.fr\/en\/wp-json\/wp\/v2\/pages\/4159\/revisions"}],"predecessor-version":[{"id":5928,"href":"https:\/\/www.institut-biotherapies.fr\/en\/wp-json\/wp\/v2\/pages\/4159\/revisions\/5928"}],"up":[{"embeddable":true,"href":"https:\/\/www.institut-biotherapies.fr\/en\/wp-json\/wp\/v2\/pages\/3004"}],"wp:attachment":[{"href":"https:\/\/www.institut-biotherapies.fr\/en\/wp-json\/wp\/v2\/media?parent=4159"}],"curies":[{"name":"wp","href":"https:\/\/api.w.org\/{rel}","templated":true}]}}